{"id":2256,"date":"2014-03-17T22:43:33","date_gmt":"2014-03-17T22:43:33","guid":{"rendered":"http:\/\/themify.me\/demo\/themes\/event-dev\/?page_id=2256"},"modified":"2025-09-22T11:11:20","modified_gmt":"2025-09-22T09:11:20","slug":"home","status":"publish","type":"page","link":"https:\/\/rzeczoznawcajarocin.com\/","title":{"rendered":"Home"},"content":{"rendered":"<!--themify_builder_content-->\n<div id=\"themify_builder_content-2256\" data-postid=\"2256\" class=\"themify_builder_content themify_builder_content-2256 themify_builder tf_clear\">\n                    <div  data-css_id=\"1824df1\" data-lazy=\"1\" class=\"module_row themify_builder_row fullheight fullwidth tb_1824df1 tb_first tf_w\">\n                        <div class=\"row_inner col_align_top tb_col_count_1 tf_box tf_rel\">\n                        <div  data-lazy=\"1\" class=\"module_column tb-column col-full tb_8474466 first\">\n                    <!-- module text -->\n<div  class=\"module module-text tb_fb89712   \" data-lazy=\"1\">\n        <div  class=\"tb_text_wrap\">\n        <h2>Kancelaria Rzeczoznawcy Maj\u0105tkowego<\/h2>\n<h3>Ewa Maria Macioszczyk<\/h3>    <\/div>\n<\/div>\n<!-- \/module text -->        <\/div>\n                        <\/div>\n        <\/div>\n                        <div  data-anchor=\"onas\" data-css_id=\"d87e548\" data-lazy=\"1\" class=\"module_row themify_builder_row fullwidth_row_container tb_has_section tb_section-onas tb_d87e548 tf_w\">\n                        <div class=\"row_inner col_align_top tb_col_count_1 tf_box tf_rel\">\n                        <div  data-lazy=\"1\" class=\"module_column tb-column col-full tb_49c6a4f first\">\n                    <!-- module text -->\n<div  class=\"module module-text tb_23abfc5   \" data-lazy=\"1\">\n    <h3 class=\"module-title\">O nas<\/h3>    <div  class=\"tb_text_wrap\">\n            <\/div>\n<\/div>\n<!-- \/module text --><!-- module text -->\n<div  class=\"module module-text tb_b241b81   \" data-lazy=\"1\">\n        <div  class=\"tb_text_wrap\">\n        <p><br \/><strong>Rzeczoznawca maj\u0105tkowy<\/strong><br \/><strong>mgr in\u017c. Ewa Maria Macioszczyk<\/strong><\/p>\n<p>&#8211; dyplom magistra inzyniera geodezji urz\u0105dze\u0144 rolnych Akademia Rolnicza we Wroc\u0142awiu<br \/>&#8211; absolwentka studi\u00f3w podyplomowych w zakresie wyceny nieruchomo\u015bci Akademia Rolnicza we Wroc\u0142awiu<br \/>&#8211; absolwentka studi\u00f3w podyplomowych w zakresie urbanistyki i planowania przestrzennego Politechnika Wroc\u0142awska, Wydzia\u0142 Architektury<br \/>&#8211; absolwentka studi\u00f3w podyplomowych w zakresie po\u015brednictwa w obrocie nieruchomo\u015bciami Uniwersytet Przyrodniczy we Wroc\u0142awiu<br \/>&#8211; uprawnienia w zakresie szacowania nieruchomo\u015bci nr 1123 nadane przez Prezesa Urz\u0119du Mieszkalnictwa i Rozwoju Miast<br \/>&#8211; uko\u0144czone specjalistyczne szkolenia w zakresie szacowania dla potrzeb:<br \/>\u2022 skarbowo-podatkowych<br \/>\u2022 sektora bankowego<br \/>\u2022 s\u0105dowych<br \/>\u2022 wyceny mienia zabu\u017ca\u0144skiego<br \/>&#8211; bieg\u0142y s\u0105dowy przy S\u0105dzie Okr\u0119gowym w Kaliszu<br \/>&#8211; cz\u0142onek Stowarzyszenia Rzeczoznawc\u00f3w Maj\u0105tkowych Wielkopolski Po\u0142udniowej<\/p>\n<p>\u00a0<\/p>    <\/div>\n<\/div>\n<!-- \/module text -->        <\/div>\n                        <\/div>\n        <\/div>\n                        <div  data-anchor=\"kancelaria\" data-lazy=\"1\" class=\"module_row themify_builder_row tb_has_section tb_section-kancelaria tb_250713f tf_w\">\n                        <div class=\"row_inner col_align_top tb_col_count_1 tf_box tf_rel\">\n                        <div  data-lazy=\"1\" class=\"module_column tb-column col-full tb_43901c1 first\">\n                    <!-- module text -->\n<div  class=\"module module-text tb_kl08090   \" data-lazy=\"1\">\n    <h3 class=\"module-title\">O kancelarii<\/h3>    <div  class=\"tb_text_wrap\">\n            <\/div>\n<\/div>\n<!-- \/module text -->        <div  data-lazy=\"1\" class=\"module_subrow themify_builder_sub_row tf_w col_align_top tb_col_count_2 tb_134628d\">\n                <div  data-lazy=\"1\" class=\"module_column sub_column tb_1f6964e first\">\n                    <!-- module text -->\n<div  class=\"module module-text tb_55a372e   \" data-lazy=\"1\">\n        <div  class=\"tb_text_wrap\">\n        <p>Kancelaria Rzeczoznawcy Maj\u0105tkowego rozpocz\u0119\u0142a sw\u0105 dzia\u0142alno\u015b\u0107 w 1995 r.<br \/>\nDysponujemy:<br \/>\n&#8211; wieloletnim do\u015bwiadczeniem<br \/>\n&#8211; profesjonaln\u0105 wiedz\u0105<br \/>\n&#8211; niezb\u0119dnym potencja\u0142em;<br \/>\nco pozwala nam sprawnie i terminowo wywi\u0105zywa\u0107 si\u0119 z przyj\u0119tych zlece\u0144.<\/p>\n<p>Stale doskonalimy kwalifikacje zawodowe. Wykonuj\u0105c powierzone nam zadania kierujemy si\u0119 zasadami:<br \/>\n&#8211; bezstronno\u015bci<br \/>\n&#8211; obiektywno\u015bci<br \/>\n&#8211; poufno\u015bci<\/p>\n    <\/div>\n<\/div>\n<!-- \/module text -->        <\/div>\n                    <div  data-lazy=\"1\" class=\"module_column sub_column tb_b417d3a last\">\n                    <!-- module text -->\n<div  class=\"module module-text tb_v9jc006   \" data-lazy=\"1\">\n        <div  class=\"tb_text_wrap\">\n        <p>Wszelkie informacje uzyskane w zwi\u0105zku z wykonywanymi czynno\u015bciami traktujemy jako tajemnic\u0119 zawodow\u0105.<\/p>\n<p>Odbiorcami naszych prac s\u0105:<br \/>\n&#8211; osoby fizyczne i prawne<br \/>\n&#8211; podmioty gospodarcze<br \/>\n&#8211; jednostki samorz\u0105du terytorialnego<br \/>\n&#8211; organy administracji publicznej<br \/>\n&#8211; banki<br \/>\n&#8211; s\u0105dy<\/p>\n    <\/div>\n<\/div>\n<!-- \/module text -->        <\/div>\n                    <\/div>\n                <\/div>\n                        <\/div>\n        <\/div>\n                        <div  data-anchor=\"oferta\" data-lazy=\"1\" class=\"module_row themify_builder_row tb_has_section tb_section-oferta tb_873bb4a tf_w\">\n                        <div class=\"row_inner col_align_top tb_col_count_1 tf_box tf_rel\">\n                        <div  data-lazy=\"1\" class=\"module_column tb-column col-full tb_145ff44 first\">\n                    <!-- module text -->\n<div  class=\"module module-text tb_0a18065   \" data-lazy=\"1\">\n    <h3 class=\"module-title\">Oferta<\/h3>    <div  class=\"tb_text_wrap\">\n            <\/div>\n<\/div>\n<!-- \/module text -->        <div  data-lazy=\"1\" class=\"module_subrow themify_builder_sub_row tf_w col_align_top tb_col_count_2 tb_940ff2e\">\n                <div  data-lazy=\"1\" class=\"module_column sub_column tb_1cef028 first\">\n                    <!-- module text -->\n<div  class=\"module module-text tb_6ce642f   \" data-lazy=\"1\">\n        <div  class=\"tb_text_wrap\">\n        <p><strong>Okre\u015blenie warto\u015bci:<\/strong><br \/>&#8211; nieruchomo\u015bci<br \/>\u2022 gruntowych niezabudowanych<br \/>\u2022 zabudowanych<br \/>\u2022 lokalowych<br \/>\u2022 budynkowych i budowli<br \/>&#8211; maszyn i urz\u0105dze\u0144 trwale z nieruchomo\u015bci\u0105 zwi\u0105zanych<br \/>&#8211; cz\u0119\u015bci sk\u0142adowych nieruchomo\u015bci<br \/>&#8211; ograniczonych praw rzeczowych<br \/>&#8211; nak\u0142ad\u00f3w<br \/>&#8211; aport\u00f3w i koszt\u00f3w wytworzenia \u015brodk\u00f3w trwa\u0142ych<br \/>&#8211; spadk\u00f3w, podstawy obliczenia wysoko\u015bci PCC<br \/>&#8211; op\u0142aty adiacenckiej<br \/>&#8211; op\u0142aty lub odszkodowania w zwi\u0105zku ze zmian\u0105 planu zagospodarowania<br \/>&#8211; aktualizacja op\u0142aty rocznej za u\u017cytkowanie wieczyste, trwa\u0142y zarz\u0105d<\/p>    <\/div>\n<\/div>\n<!-- \/module text -->        <\/div>\n                    <div  data-lazy=\"1\" class=\"module_column sub_column tb_197f676 last\">\n                    <!-- module text -->\n<div  class=\"module module-text tb_ebd7152   \" data-lazy=\"1\">\n        <div  class=\"tb_text_wrap\">\n        <p><strong>Przygotowanie dokumentacji niezb\u0119dnej do:<\/strong><br \/>&#8211; uzyskania za\u015bwiadczenia o samodzielno\u015bci lokali<br \/>&#8211; pozas\u0105dowego zniesienia wsp\u00f3\u0142w\u0142asno\u015bci<\/p><p>Opracowania sporz\u0105dzamy niezale\u017cnie od rodzaju wycenianych nieruchomo\u015bci, ich po\u0142o\u017cenia i przeznaczenia a tak\u017ce niezale\u017cnie od podmiotu i celu wyceny.<\/p><p>Dzia\u0142amy zgodnie:<br \/>&#8211; z zasadami wynikaj\u0105cymi z przepis\u00f3w prawa<br \/>&#8211; ze standardami zawodowymi<br \/>&#8211; z zasadami etyki zawodowej<br \/>&#8211; ze szczeg\u00f3ln\u0105 staranno\u015bci\u0105 w\u0142a\u015bciw\u0105 dla zawodowego charakteru naszej pracy<\/p><p>Cena us\u0142ugi ustalana jest ka\u017cdorazowo indywidualnie gdy\u017c zale\u017cy od z\u0142o\u017cono\u015bci zlecenia.<\/p>    <\/div>\n<\/div>\n<!-- \/module text -->        <\/div>\n                    <\/div>\n        <!-- module text -->\n<div  class=\"module module-text tb_2acc7a6   \" data-lazy=\"1\">\n        <div  class=\"tb_text_wrap\">\n        <p><strong>Zapraszamy do wsp\u00f3\u0142pracy.<\/strong><\/p>    <\/div>\n<\/div>\n<!-- \/module text -->        <\/div>\n                        <\/div>\n        <\/div>\n                        <div  data-anchor=\"kontakt\" data-css_id=\"ea0c81f\" data-lazy=\"1\" class=\"module_row themify_builder_row fullwidth tb_has_section tb_section-kontakt tb_ea0c81f tf_w\">\n                        <div class=\"row_inner col_align_top tb_col_count_1 tf_box tf_rel\">\n                        <div  data-lazy=\"1\" class=\"module_column tb-column col-full tb_57ea586 first\">\n                    <!-- module text -->\n<div  class=\"module module-text tb_ef4abc7   \" data-lazy=\"1\">\n    <h3 class=\"module-title\">Kontakt<\/h3>    <div  class=\"tb_text_wrap\">\n        <p><iframe loading=\"lazy\" style=\"border: 0;\" src=\"https:\/\/www.google.com\/maps\/embed?pb=!1m18!1m12!1m3!1d1033.400222334424!2d17.50403467825468!3d51.97309025701915!2m3!1f0!2f0!3f0!3m2!1i1024!2i768!4f13.1!3m3!1m2!1s0x470523c74443b8e1%3A0xd20f96ec75154974!2s%C5%9Awi%C4%99tego+Ducha+13%2C+63-200+Jarocin!5e0!3m2!1spl!2spl!4v1540286210100\" width=\"100%\" height=\"400\" frameborder=\"0\" allowfullscreen=\"allowfullscreen\"><\/iframe><\/p>    <\/div>\n<\/div>\n<!-- \/module text -->        <\/div>\n                        <\/div>\n        <\/div>\n                        <div  data-lazy=\"1\" class=\"module_row themify_builder_row tb_ecc8f93 tf_w\">\n                        <div class=\"row_inner col_align_top tb_col_count_2 tf_box tf_rel\">\n                        <div  data-lazy=\"1\" class=\"module_column tb-column col4-2 tb_9d0e345 first\">\n                    <!-- module text -->\n<div  class=\"module module-text tb_ad8dacf   \" data-lazy=\"1\">\n        <div  class=\"tb_text_wrap\">\n        <p>Kacelaria Rzeczoznawcy Maj\u0105tkowego<br \/>ul. \u015aw. Ducha 13<br \/>63-200 Jarocin<\/p>    <\/div>\n<\/div>\n<!-- \/module text -->        <\/div>\n                    <div  data-lazy=\"1\" class=\"module_column tb-column col4-2 tb_5f90efa last\">\n                    <!-- module text -->\n<div  class=\"module module-text tb_cb27178   \" data-lazy=\"1\">\n        <div  class=\"tb_text_wrap\">\n        <p>mgr in\u017c. Ewa Maria Macioszczyk<br \/>tel. +48 604 403 870<\/p>\n<p>e-mail:<a href=\"mailto:rzeczoznawcajarocin@gmail.com\"> rzeczoznawcajarocin@gmail.com<\/a><\/p>    <\/div>\n<\/div>\n<!-- \/module text -->        <\/div>\n                        <\/div>\n        <\/div>\n                        <div  data-lazy=\"1\" class=\"module_row themify_builder_row tb_71a07c2 tf_w\">\n                        <div class=\"row_inner col_align_top tb_col_count_1 tf_box tf_rel\">\n                        <div  data-lazy=\"1\" class=\"module_column tb-column col-full tb_0f0bcb0 first\">\n                    <!-- module text -->\n<div  class=\"module module-text tb_799d4bd   \" data-lazy=\"1\">\n        <div  class=\"tb_text_wrap\">\n        <p style=\"text-align: right;\">Realizacja: <a href=\"http:\/\/artful.pl\">ARTFUL<\/a><\/p>    <\/div>\n<\/div>\n<!-- \/module text -->        <\/div>\n                        <\/div>\n        <\/div>\n        <\/div>\n<!--\/themify_builder_content-->","protected":false},"excerpt":{"rendered":"<p>Kancelaria Rzeczoznawcy Maj\u0105tkowego Ewa Maria Macioszczyk<\/p>\n","protected":false},"author":1,"featured_media":0,"parent":0,"menu_order":1,"comment_status":"closed","ping_status":"closed","template":"","meta":{"footnotes":""},"class_list":["post-2256","page","type-page","status-publish","hentry","has-post-title","has-post-date","has-post-category","has-post-tag","has-post-comment","has-post-author",""],"yoast_head":"<!-- This site is optimized with the Yoast SEO plugin v27.1.1 - https:\/\/yoast.com\/product\/yoast-seo-wordpress\/ -->\n<title>Kancelaria Rzeczoznawcy Ewa Macioszczyk<\/title>\n<meta name=\"description\" content=\"Kancelaria Rzeczoznawcy Maj\u0105tkowego rozpocz\u0119\u0142a sw\u0105 dzia\u0142alno\u015b\u0107 w 1995 r.Dysponujemy:\u2013 wieloletnim do\u015bwiadczeniem\u2013 profesjonaln\u0105 wiedz\u0105\u2013 niezb\u0119dnym potencja\u0142em;co pozwala nam sprawnie i terminowo wywi\u0105zywa\u0107 si\u0119 z przyj\u0119tych zlece\u0144.Stale doskonalimy kwalifikacje zawodowe. Wykonuj\u0105c powierzone nam zadania kierujemy si\u0119 zasadami:\u2013 bezstronno\u015bci\u2013 obiektywno\u015bci\u2013 poufno\u015bci\" \/>\n<meta name=\"robots\" content=\"index, follow, max-snippet:-1, max-image-preview:large, max-video-preview:-1\" \/>\n<link rel=\"canonical\" href=\"https:\/\/rzeczoznawcajarocin.com\/\" \/>\n<meta property=\"og:locale\" content=\"pl_PL\" \/>\n<meta property=\"og:type\" content=\"article\" \/>\n<meta property=\"og:title\" content=\"Kancelaria Rzeczoznawcy Ewa Macioszczyk\" \/>\n<meta property=\"og:description\" content=\"Kancelaria Rzeczoznawcy Maj\u0105tkowego rozpocz\u0119\u0142a sw\u0105 dzia\u0142alno\u015b\u0107 w 1995 r.Dysponujemy:\u2013 wieloletnim do\u015bwiadczeniem\u2013 profesjonaln\u0105 wiedz\u0105\u2013 niezb\u0119dnym potencja\u0142em;co pozwala nam sprawnie i terminowo wywi\u0105zywa\u0107 si\u0119 z przyj\u0119tych zlece\u0144.Stale doskonalimy kwalifikacje zawodowe. Wykonuj\u0105c powierzone nam zadania kierujemy si\u0119 zasadami:\u2013 bezstronno\u015bci\u2013 obiektywno\u015bci\u2013 poufno\u015bci\" \/>\n<meta property=\"og:url\" content=\"https:\/\/rzeczoznawcajarocin.com\/\" \/>\n<meta property=\"og:site_name\" content=\"Ewa Maria Macioszczyk\" \/>\n<meta property=\"article:modified_time\" content=\"2025-09-22T09:11:20+00:00\" \/>\n<meta name=\"twitter:card\" content=\"summary_large_image\" \/>\n<meta name=\"twitter:label1\" content=\"Szacowany czas czytania\" \/>\n\t<meta name=\"twitter:data1\" content=\"5 minut\" \/>\n<script type=\"application\/ld+json\" class=\"yoast-schema-graph\">{\"@context\":\"https:\/\/schema.org\",\"@graph\":[{\"@type\":\"WebPage\",\"@id\":\"https:\/\/rzeczoznawcajarocin.com\/\",\"url\":\"https:\/\/rzeczoznawcajarocin.com\/\",\"name\":\"Kancelaria Rzeczoznawcy Ewa Macioszczyk\",\"isPartOf\":{\"@id\":\"https:\/\/rzeczoznawcajarocin.com\/#website\"},\"datePublished\":\"2014-03-17T22:43:33+00:00\",\"dateModified\":\"2025-09-22T09:11:20+00:00\",\"description\":\"Kancelaria Rzeczoznawcy Maj\u0105tkowego rozpocz\u0119\u0142a sw\u0105 dzia\u0142alno\u015b\u0107 w 1995 r.Dysponujemy:\u2013 wieloletnim do\u015bwiadczeniem\u2013 profesjonaln\u0105 wiedz\u0105\u2013 niezb\u0119dnym potencja\u0142em;co pozwala nam sprawnie i terminowo wywi\u0105zywa\u0107 si\u0119 z przyj\u0119tych zlece\u0144.Stale doskonalimy kwalifikacje zawodowe. Wykonuj\u0105c powierzone nam zadania kierujemy si\u0119 zasadami:\u2013 bezstronno\u015bci\u2013 obiektywno\u015bci\u2013 poufno\u015bci\",\"breadcrumb\":{\"@id\":\"https:\/\/rzeczoznawcajarocin.com\/#breadcrumb\"},\"inLanguage\":\"pl-PL\",\"potentialAction\":[{\"@type\":\"ReadAction\",\"target\":[\"https:\/\/rzeczoznawcajarocin.com\/\"]}]},{\"@type\":\"BreadcrumbList\",\"@id\":\"https:\/\/rzeczoznawcajarocin.com\/#breadcrumb\",\"itemListElement\":[{\"@type\":\"ListItem\",\"position\":1,\"name\":\"Strona g\u0142\u00f3wna\",\"item\":\"https:\/\/rzeczoznawcajarocin.com\/\"},{\"@type\":\"ListItem\",\"position\":2,\"name\":\"Home\"}]},{\"@type\":\"WebSite\",\"@id\":\"https:\/\/rzeczoznawcajarocin.com\/#website\",\"url\":\"https:\/\/rzeczoznawcajarocin.com\/\",\"name\":\"Ewa Maria Macioszczyk\",\"description\":\"Kancelaria Rzeczoznawcy Maj\u0105tkowego\",\"potentialAction\":[{\"@type\":\"SearchAction\",\"target\":{\"@type\":\"EntryPoint\",\"urlTemplate\":\"https:\/\/rzeczoznawcajarocin.com\/?s={search_term_string}\"},\"query-input\":{\"@type\":\"PropertyValueSpecification\",\"valueRequired\":true,\"valueName\":\"search_term_string\"}}],\"inLanguage\":\"pl-PL\"}]}<\/script>\n<!-- \/ Yoast SEO plugin. -->","yoast_head_json":{"title":"Kancelaria Rzeczoznawcy Ewa Macioszczyk","description":"Kancelaria Rzeczoznawcy Maj\u0105tkowego rozpocz\u0119\u0142a sw\u0105 dzia\u0142alno\u015b\u0107 w 1995 r.Dysponujemy:\u2013 wieloletnim do\u015bwiadczeniem\u2013 profesjonaln\u0105 wiedz\u0105\u2013 niezb\u0119dnym potencja\u0142em;co pozwala nam sprawnie i terminowo wywi\u0105zywa\u0107 si\u0119 z przyj\u0119tych zlece\u0144.Stale doskonalimy kwalifikacje zawodowe. Wykonuj\u0105c powierzone nam zadania kierujemy si\u0119 zasadami:\u2013 bezstronno\u015bci\u2013 obiektywno\u015bci\u2013 poufno\u015bci","robots":{"index":"index","follow":"follow","max-snippet":"max-snippet:-1","max-image-preview":"max-image-preview:large","max-video-preview":"max-video-preview:-1"},"canonical":"https:\/\/rzeczoznawcajarocin.com\/","og_locale":"pl_PL","og_type":"article","og_title":"Kancelaria Rzeczoznawcy Ewa Macioszczyk","og_description":"Kancelaria Rzeczoznawcy Maj\u0105tkowego rozpocz\u0119\u0142a sw\u0105 dzia\u0142alno\u015b\u0107 w 1995 r.Dysponujemy:\u2013 wieloletnim do\u015bwiadczeniem\u2013 profesjonaln\u0105 wiedz\u0105\u2013 niezb\u0119dnym potencja\u0142em;co pozwala nam sprawnie i terminowo wywi\u0105zywa\u0107 si\u0119 z przyj\u0119tych zlece\u0144.Stale doskonalimy kwalifikacje zawodowe. Wykonuj\u0105c powierzone nam zadania kierujemy si\u0119 zasadami:\u2013 bezstronno\u015bci\u2013 obiektywno\u015bci\u2013 poufno\u015bci","og_url":"https:\/\/rzeczoznawcajarocin.com\/","og_site_name":"Ewa Maria Macioszczyk","article_modified_time":"2025-09-22T09:11:20+00:00","twitter_card":"summary_large_image","twitter_misc":{"Szacowany czas czytania":"5 minut"},"schema":{"@context":"https:\/\/schema.org","@graph":[{"@type":"WebPage","@id":"https:\/\/rzeczoznawcajarocin.com\/","url":"https:\/\/rzeczoznawcajarocin.com\/","name":"Kancelaria Rzeczoznawcy Ewa Macioszczyk","isPartOf":{"@id":"https:\/\/rzeczoznawcajarocin.com\/#website"},"datePublished":"2014-03-17T22:43:33+00:00","dateModified":"2025-09-22T09:11:20+00:00","description":"Kancelaria Rzeczoznawcy Maj\u0105tkowego rozpocz\u0119\u0142a sw\u0105 dzia\u0142alno\u015b\u0107 w 1995 r.Dysponujemy:\u2013 wieloletnim do\u015bwiadczeniem\u2013 profesjonaln\u0105 wiedz\u0105\u2013 niezb\u0119dnym potencja\u0142em;co pozwala nam sprawnie i terminowo wywi\u0105zywa\u0107 si\u0119 z przyj\u0119tych zlece\u0144.Stale doskonalimy kwalifikacje zawodowe. Wykonuj\u0105c powierzone nam zadania kierujemy si\u0119 zasadami:\u2013 bezstronno\u015bci\u2013 obiektywno\u015bci\u2013 poufno\u015bci","breadcrumb":{"@id":"https:\/\/rzeczoznawcajarocin.com\/#breadcrumb"},"inLanguage":"pl-PL","potentialAction":[{"@type":"ReadAction","target":["https:\/\/rzeczoznawcajarocin.com\/"]}]},{"@type":"BreadcrumbList","@id":"https:\/\/rzeczoznawcajarocin.com\/#breadcrumb","itemListElement":[{"@type":"ListItem","position":1,"name":"Strona g\u0142\u00f3wna","item":"https:\/\/rzeczoznawcajarocin.com\/"},{"@type":"ListItem","position":2,"name":"Home"}]},{"@type":"WebSite","@id":"https:\/\/rzeczoznawcajarocin.com\/#website","url":"https:\/\/rzeczoznawcajarocin.com\/","name":"Ewa Maria Macioszczyk","description":"Kancelaria Rzeczoznawcy Maj\u0105tkowego","potentialAction":[{"@type":"SearchAction","target":{"@type":"EntryPoint","urlTemplate":"https:\/\/rzeczoznawcajarocin.com\/?s={search_term_string}"},"query-input":{"@type":"PropertyValueSpecification","valueRequired":true,"valueName":"search_term_string"}}],"inLanguage":"pl-PL"}]}},"builder_content":"<h2>Kancelaria Rzeczoznawcy Maj\u0105tkowego<\/h2> <h3>Ewa Maria Macioszczyk<\/h3>\n<h3>O nas<\/h3>\n<p><br \/><strong>Rzeczoznawca maj\u0105tkowy<\/strong><br \/><strong>mgr in\u017c. Ewa Maria Macioszczyk<\/strong><\/p> <p>- dyplom magistra inzyniera geodezji urz\u0105dze\u0144 rolnych Akademia Rolnicza we Wroc\u0142awiu<br \/>- absolwentka studi\u00f3w podyplomowych w zakresie wyceny nieruchomo\u015bci Akademia Rolnicza we Wroc\u0142awiu<br \/>- absolwentka studi\u00f3w podyplomowych w zakresie urbanistyki i planowania przestrzennego Politechnika Wroc\u0142awska, Wydzia\u0142 Architektury<br \/>- absolwentka studi\u00f3w podyplomowych w zakresie po\u015brednictwa w obrocie nieruchomo\u015bciami Uniwersytet Przyrodniczy we Wroc\u0142awiu<br \/>- uprawnienia w zakresie szacowania nieruchomo\u015bci nr 1123 nadane przez Prezesa Urz\u0119du Mieszkalnictwa i Rozwoju Miast<br \/>- uko\u0144czone specjalistyczne szkolenia w zakresie szacowania dla potrzeb:<br \/>\u2022 skarbowo-podatkowych<br \/>\u2022 sektora bankowego<br \/>\u2022 s\u0105dowych<br \/>\u2022 wyceny mienia zabu\u017ca\u0144skiego<br \/>- bieg\u0142y s\u0105dowy przy S\u0105dzie Okr\u0119gowym w Kaliszu<br \/>- cz\u0142onek Stowarzyszenia Rzeczoznawc\u00f3w Maj\u0105tkowych Wielkopolski Po\u0142udniowej<\/p> <p>\u00a0<\/p>\n<h3>O kancelarii<\/h3>\n<p>Kancelaria Rzeczoznawcy Maj\u0105tkowego rozpocz\u0119\u0142a sw\u0105 dzia\u0142alno\u015b\u0107 w 1995 r.<br \/> Dysponujemy:<br \/> - wieloletnim do\u015bwiadczeniem<br \/> - profesjonaln\u0105 wiedz\u0105<br \/> - niezb\u0119dnym potencja\u0142em;<br \/> co pozwala nam sprawnie i terminowo wywi\u0105zywa\u0107 si\u0119 z przyj\u0119tych zlece\u0144.<\/p> <p>Stale doskonalimy kwalifikacje zawodowe. Wykonuj\u0105c powierzone nam zadania kierujemy si\u0119 zasadami:<br \/> - bezstronno\u015bci<br \/> - obiektywno\u015bci<br \/> - poufno\u015bci<\/p>\n<p>Wszelkie informacje uzyskane w zwi\u0105zku z wykonywanymi czynno\u015bciami traktujemy jako tajemnic\u0119 zawodow\u0105.<\/p> <p>Odbiorcami naszych prac s\u0105:<br \/> - osoby fizyczne i prawne<br \/> - podmioty gospodarcze<br \/> - jednostki samorz\u0105du terytorialnego<br \/> - organy administracji publicznej<br \/> - banki<br \/> - s\u0105dy<\/p>\n<h3>Oferta<\/h3>\n<p><strong>Okre\u015blenie warto\u015bci:<\/strong><br \/>- nieruchomo\u015bci<br \/>\u2022 gruntowych niezabudowanych<br \/>\u2022 zabudowanych<br \/>\u2022 lokalowych<br \/>\u2022 budynkowych i budowli<br \/>- maszyn i urz\u0105dze\u0144 trwale z nieruchomo\u015bci\u0105 zwi\u0105zanych<br \/>- cz\u0119\u015bci sk\u0142adowych nieruchomo\u015bci<br \/>- ograniczonych praw rzeczowych<br \/>- nak\u0142ad\u00f3w<br \/>- aport\u00f3w i koszt\u00f3w wytworzenia \u015brodk\u00f3w trwa\u0142ych<br \/>- spadk\u00f3w, podstawy obliczenia wysoko\u015bci PCC<br \/>- op\u0142aty adiacenckiej<br \/>- op\u0142aty lub odszkodowania w zwi\u0105zku ze zmian\u0105 planu zagospodarowania<br \/>- aktualizacja op\u0142aty rocznej za u\u017cytkowanie wieczyste, trwa\u0142y zarz\u0105d<\/p>\n<p><strong>Przygotowanie dokumentacji niezb\u0119dnej do:<\/strong><br \/>- uzyskania za\u015bwiadczenia o samodzielno\u015bci lokali<br \/>- pozas\u0105dowego zniesienia wsp\u00f3\u0142w\u0142asno\u015bci<\/p><p>Opracowania sporz\u0105dzamy niezale\u017cnie od rodzaju wycenianych nieruchomo\u015bci, ich po\u0142o\u017cenia i przeznaczenia a tak\u017ce niezale\u017cnie od podmiotu i celu wyceny.<\/p><p>Dzia\u0142amy zgodnie:<br \/>- z zasadami wynikaj\u0105cymi z przepis\u00f3w prawa<br \/>- ze standardami zawodowymi<br \/>- z zasadami etyki zawodowej<br \/>- ze szczeg\u00f3ln\u0105 staranno\u015bci\u0105 w\u0142a\u015bciw\u0105 dla zawodowego charakteru naszej pracy<\/p><p>Cena us\u0142ugi ustalana jest ka\u017cdorazowo indywidualnie gdy\u017c zale\u017cy od z\u0142o\u017cono\u015bci zlecenia.<\/p>\n<p><strong>Zapraszamy do wsp\u00f3\u0142pracy.<\/strong><\/p>\n<h3>Kontakt<\/h3> <p><iframe loading=\"lazy\" style=\"border: 0;\" src=\"https:\/\/www.google.com\/maps\/embed?pb=!1m18!1m12!1m3!1d1033.400222334424!2d17.50403467825468!3d51.97309025701915!2m3!1f0!2f0!3f0!3m2!1i1024!2i768!4f13.1!3m3!1m2!1s0x470523c74443b8e1%3A0xd20f96ec75154974!2s%C5%9Awi%C4%99tego+Ducha+13%2C+63-200+Jarocin!5e0!3m2!1spl!2spl!4v1540286210100\" width=\"100%\" height=\"400\" frameborder=\"0\" allowfullscreen=\"allowfullscreen\"><\/iframe><\/p>\n<p>Kacelaria Rzeczoznawcy Maj\u0105tkowego<br \/>ul. \u015aw. Ducha 13<br \/>63-200 Jarocin<\/p>\n<p>mgr in\u017c. Ewa Maria Macioszczyk<br \/>tel. +48 604 403 870<\/p> <p>e-mail:<a href=\"mailto:rzeczoznawcajarocin@gmail.com\"> rzeczoznawcajarocin@gmail.com<\/a><\/p>\n<p style=\"text-align: right;\">Realizacja: <a href=\"http:\/\/artful.pl\">ARTFUL<\/a><\/p>","_links":{"self":[{"href":"https:\/\/rzeczoznawcajarocin.com\/index.php\/wp-json\/wp\/v2\/pages\/2256","targetHints":{"allow":["GET"]}}],"collection":[{"href":"https:\/\/rzeczoznawcajarocin.com\/index.php\/wp-json\/wp\/v2\/pages"}],"about":[{"href":"https:\/\/rzeczoznawcajarocin.com\/index.php\/wp-json\/wp\/v2\/types\/page"}],"author":[{"embeddable":true,"href":"https:\/\/rzeczoznawcajarocin.com\/index.php\/wp-json\/wp\/v2\/users\/1"}],"replies":[{"embeddable":true,"href":"https:\/\/rzeczoznawcajarocin.com\/index.php\/wp-json\/wp\/v2\/comments?post=2256"}],"version-history":[{"count":0,"href":"https:\/\/rzeczoznawcajarocin.com\/index.php\/wp-json\/wp\/v2\/pages\/2256\/revisions"}],"wp:attachment":[{"href":"https:\/\/rzeczoznawcajarocin.com\/index.php\/wp-json\/wp\/v2\/media?parent=2256"}],"curies":[{"name":"wp","href":"https:\/\/api.w.org\/{rel}","templated":true}]}}